{"id":3250,"date":"2024-01-23T19:58:49","date_gmt":"2024-01-23T18:58:49","guid":{"rendered":"https:\/\/cdje82.fr\/?page_id=3250"},"modified":"2024-01-23T19:58:49","modified_gmt":"2024-01-23T18:58:49","slug":"palmares-du-championnat-departemental","status":"publish","type":"page","link":"https:\/\/cdje82.fr\/index.php\/palmares-du-championnat-departemental\/","title":{"rendered":"Palmar\u00e8s du championnat d\u00e9partemental"},"content":{"rendered":"\n<table id=\"tablepress-2\" class=\"tablepress tablepress-id-2\">\n<thead>\n<tr class=\"row-1\">\n\t<th class=\"column-1\">Ann\u00e9e<\/th><th class=\"column-2\">Champion<\/th><th class=\"column-3\">Club<\/th><td class=\"column-4\"><\/td>\n<\/tr>\n<\/thead>\n<tbody class=\"row-striping row-hover\">\n<tr class=\"row-2\">\n\t<td class=\"column-1\">2002<\/td><td class=\"column-2\">Daniel Cebollero<\/td><td class=\"column-3\">Cercle d'Echecs Castel-Moissac<\/td><td class=\"column-4\"><\/td>\n<\/tr>\n<tr class=\"row-3\">\n\t<td class=\"column-1\">2003<\/td><td class=\"column-2\">Pierre Foresti\u00e9<\/td><td class=\"column-3\">Cercle d'Echecs Castel-Moissac<\/td><td class=\"column-4\"><img loading=\"lazy\" decoding=\"async\" src=\"https:\/\/cdje82.fr\/wp-content\/uploads\/2017\/07\/Forestie.jpg\" alt=\"\" width=\"100\" height=\"120\" class=\"alignnone size-full wp-image-2468\" \/><\/td>\n<\/tr>\n<tr class=\"row-4\">\n\t<td class=\"column-1\">2004<\/td><td class=\"column-2\">Daniel Gr\u00e9gory<\/td><td class=\"column-3\">Cercle d'Echecs Castel-Moissac<\/td><td class=\"column-4\"><\/td>\n<\/tr>\n<tr class=\"row-5\">\n\t<td class=\"column-1\">2005<\/td><td class=\"column-2\">Romain Lacroix<\/td><td class=\"column-3\">Cercle d'Echecs Castel-Moissac<\/td><td class=\"column-4\"><img loading=\"lazy\" decoding=\"async\" src=\"https:\/\/cdje82.fr\/wp-content\/uploads\/2016\/12\/RLacroix.jpg\" alt=\"\" width=\"100\" height=\"116\" class=\"alignnone size-full wp-image-2059\" \/><\/td>\n<\/tr>\n<tr class=\"row-6\">\n\t<td class=\"column-1\">2006<\/td><td class=\"column-2\">Romain Lacroix<\/td><td class=\"column-3\">Cercle d'Echecs Castel-Moissac<\/td><td class=\"column-4\"><img loading=\"lazy\" decoding=\"async\" src=\"https:\/\/cdje82.fr\/wp-content\/uploads\/2016\/12\/RLacroix.jpg\" alt=\"\" width=\"100\" height=\"116\" class=\"alignnone size-full wp-image-2059\" \/><\/td>\n<\/tr>\n<tr class=\"row-7\">\n\t<td class=\"column-1\">2007<\/td><td class=\"column-2\">Romain Lacroix<\/td><td class=\"column-3\">Cercle d'Echecs Castel-Moissac<\/td><td class=\"column-4\"><img loading=\"lazy\" decoding=\"async\" src=\"https:\/\/cdje82.fr\/wp-content\/uploads\/2016\/12\/RLacroix.jpg\" alt=\"\" width=\"100\" height=\"116\" class=\"alignnone size-full wp-image-2059\" \/><\/td>\n<\/tr>\n<tr class=\"row-8\">\n\t<td class=\"column-1\">2008<\/td><td class=\"column-2\">Michel Gr\u00e9zels<\/td><td class=\"column-3\">Cercle d'Echecs Castel-Moissac<\/td><td class=\"column-4\"><img loading=\"lazy\" decoding=\"async\" src=\"https:\/\/cdje82.fr\/wp-content\/uploads\/2016\/12\/MG.jpg\" alt=\"\" width=\"100\" height=\"110\" class=\"alignnone size-full wp-image-2073\" \/><\/td>\n<\/tr>\n<tr class=\"row-9\">\n\t<td class=\"column-1\">2009<\/td><td class=\"column-2\">Romain Lacroix<\/td><td class=\"column-3\">Cercle d'Echecs Castel-Moissac<\/td><td class=\"column-4\"><img loading=\"lazy\" decoding=\"async\" src=\"https:\/\/cdje82.fr\/wp-content\/uploads\/2016\/12\/RLacroix.jpg\" alt=\"\" width=\"100\" height=\"116\" class=\"alignnone size-full wp-image-2059\" \/><\/td>\n<\/tr>\n<tr class=\"row-10\">\n\t<td class=\"column-1\">2010<\/td><td class=\"column-2\">Serguei Bashaev<\/td><td class=\"column-3\">Echiquier montalbanais<\/td><td class=\"column-4\"><img loading=\"lazy\" decoding=\"async\" src=\"https:\/\/cdje82.fr\/wp-content\/uploads\/2016\/12\/Bashaev.jpg\" alt=\"\" width=\"100\" height=\"127\" class=\"alignnone size-full wp-image-2054\" \/><\/td>\n<\/tr>\n<tr class=\"row-11\">\n\t<td class=\"column-1\">2011<\/td><td class=\"column-2\">Olivier Roques<\/td><td class=\"column-3\">Cercle d'Echecs Castel-Moissac<\/td><td class=\"column-4\"><img loading=\"lazy\" decoding=\"async\" src=\"https:\/\/cdje82.fr\/wp-content\/uploads\/2016\/12\/ORoques.jpg\" alt=\"\" width=\"100\" height=\"129\" class=\"alignnone size-full wp-image-2062\" \/><\/td>\n<\/tr>\n<tr class=\"row-12\">\n\t<td class=\"column-1\">2012<\/td><td class=\"column-2\">Eric Ramahef<\/td><td class=\"column-3\">Cercle d' Echecs Castel-Moissac<\/td><td class=\"column-4\"><\/td>\n<\/tr>\n<tr class=\"row-13\">\n\t<td class=\"column-1\">2013<\/td><td class=\"column-2\">Eric Ramahef<\/td><td class=\"column-3\">Cercle d'Echecs Castel-Moissac<\/td><td class=\"column-4\"><\/td>\n<\/tr>\n<tr class=\"row-14\">\n\t<td class=\"column-1\">2014<\/td><td class=\"column-2\">Eric Ramahef<\/td><td class=\"column-3\">Cercle d'Echecs Castel-Moissac<\/td><td class=\"column-4\"><\/td>\n<\/tr>\n<tr class=\"row-15\">\n\t<td class=\"column-1\">2015<\/td><td class=\"column-2\">Jean Jacques Sango\u00ef<\/td><td class=\"column-3\">Club d'Echecs Castel-Moissac<\/td><td class=\"column-4\"><img loading=\"lazy\" decoding=\"async\" src=\"https:\/\/cdje82.fr\/wp-content\/uploads\/2016\/12\/JJSANGOI.jpg\" alt=\"\" width=\"100\" height=\"120\" class=\"alignnone size-full wp-image-2049\" \/><\/td>\n<\/tr>\n<tr class=\"row-16\">\n\t<td class=\"column-1\">2016<\/td><td class=\"column-2\">Sergue\u00ef Bashaev<\/td><td class=\"column-3\">Echiquier montalbanais<\/td><td class=\"column-4\"><img loading=\"lazy\" decoding=\"async\" src=\"https:\/\/cdje82.fr\/wp-content\/uploads\/2016\/12\/Bashaev.jpg\" alt=\"\" width=\"100\" height=\"127\" class=\"alignnone size-full wp-image-2054\" \/><\/td>\n<\/tr>\n<tr class=\"row-17\">\n\t<td class=\"column-1\">2017<\/td><td class=\"column-2\">Georgi Gogoladze<\/td><td class=\"column-3\">Echiquier montalbanais<\/td><td class=\"column-4\"><img loading=\"lazy\" decoding=\"async\" src=\"https:\/\/cdje82.fr\/wp-content\/uploads\/2019\/02\/Giorgi-2.jpg\" alt=\"\" width=\"100\" height=\"120\" class=\"alignnone size-full wp-image-3041\" \/><\/td>\n<\/tr>\n<tr class=\"row-18\">\n\t<td class=\"column-1\">2018<\/td><td class=\"column-2\">Bruno Natale<\/td><td class=\"column-3\">Echiquier montalbanais<\/td><td class=\"column-4\"><img loading=\"lazy\" decoding=\"async\" src=\"https:\/\/cdje82.fr\/wp-content\/uploads\/2018\/03\/B_Natale.jpg\" alt=\"\" width=\"100\" height=\"120\" class=\"alignnone size-full wp-image-2693\" \/><\/td>\n<\/tr>\n<tr class=\"row-19\">\n\t<td class=\"column-1\">2019<\/td><td class=\"column-2\">Georgi Gogoladze<\/td><td class=\"column-3\">Echiquier montalbanais<\/td><td class=\"column-4\"><img loading=\"lazy\" decoding=\"async\" src=\"https:\/\/cdje82.fr\/wp-content\/uploads\/2019\/02\/Giorgi-2.jpg\" alt=\"\" width=\"100\" height=\"120\" class=\"alignnone size-full wp-image-3041\" \/><\/td>\n<\/tr>\n<tr class=\"row-20\">\n\t<td class=\"column-1\">2020 <\/td><td class=\"column-2\">Mathis Serrier<\/td><td class=\"column-3\">Echiquier montalbanais<\/td><td class=\"column-4\"><img loading=\"lazy\" decoding=\"async\" src=\"https:\/\/cdje82.fr\/wp-content\/uploads\/2024\/02\/serrier.jpg\" alt=\"\" width=\"100\" height=\"120\" class=\"alignnone size-full wp-image-3315\" \/><\/td>\n<\/tr>\n<tr class=\"row-21\">\n\t<td class=\"column-1\">2022<\/td><td class=\"column-2\">Fr\u00e9d\u00e9ric Mazu\u00e9<\/td><td class=\"column-3\">Echiquier montalbanais<\/td><td class=\"column-4\"><img loading=\"lazy\" decoding=\"async\" src=\"https:\/\/cdje82.fr\/wp-content\/uploads\/2024\/02\/F_Mazue.jpg\" alt=\"\" width=\"85\" height=\"107\" class=\"alignnone size-full wp-image-3321\" \/><\/td>\n<\/tr>\n<tr class=\"row-22\">\n\t<td class=\"column-1\">2023<\/td><td class=\"column-2\">F\u00e9licien Martinez<\/td><td class=\"column-3\">Echiquier montalbanais<\/td><td class=\"column-4\"><img loading=\"lazy\" decoding=\"async\" src=\"https:\/\/cdje82.fr\/wp-content\/uploads\/2024\/02\/Martinez.jpg\" alt=\"\" width=\"100\" height=\"120\" class=\"alignnone size-full wp-image-3323\" \/><\/td>\n<\/tr>\n<tr class=\"row-23\">\n\t<td class=\"column-1\">2024<\/td><td class=\"column-2\">Yann Gelfert<\/td><td class=\"column-3\">Echiquier montalbanais<\/td><td class=\"column-4\"><img loading=\"lazy\" decoding=\"async\" src=\"https:\/\/cdje82.fr\/wp-content\/uploads\/2024\/03\/Gelfert.jpg\" alt=\"\" width=\"100\" height=\"120\" class=\"alignnone size-full wp-image-3383\" \/><\/td>\n<\/tr>\n<tr class=\"row-24\">\n\t<td class=\"column-1\">2025<\/td><td class=\"column-2\">F\u00e9licien Martinez<\/td><td class=\"column-3\">Echiquier montalbanais<\/td><td class=\"column-4\"><img loading=\"lazy\" decoding=\"async\" src=\"https:\/\/cdje82.fr\/wp-content\/uploads\/2025\/02\/F-Martinez.jpg\" alt=\"\" width=\"100\" height=\"120\" class=\"alignnone size-full wp-image-3691\" \/><\/td>\n<\/tr>\n<tr class=\"row-25\">\n\t<td class=\"column-1\">2026<\/td><td class=\"column-2\">Pierre Verdon<\/td><td class=\"column-3\">Echiquier montalbanais<\/td><td class=\"column-4\"><a href=\"https:\/\/cdje82.fr\/wp-content\/uploads\/2026\/02\/Verdon.jpg\"><img loading=\"lazy\" decoding=\"async\" src=\"https:\/\/cdje82.fr\/wp-content\/uploads\/2026\/02\/Verdon.jpg\" alt=\"\" width=\"99\" height=\"120\" class=\"alignnone size-full wp-image-4130\" \/><\/a><\/td>\n<\/tr>\n<\/tbody>\n<\/table>\n<!-- #tablepress-2 from cache -->\n","protected":false},"excerpt":{"rendered":"","protected":false},"author":4,"featured_media":0,"parent":0,"menu_order":0,"comment_status":"closed","ping_status":"closed","template":"","meta":{"footnotes":""},"class_list":["post-3250","page","type-page","status-publish","hentry"],"_links":{"self":[{"href":"https:\/\/cdje82.fr\/index.php\/wp-json\/wp\/v2\/pages\/3250","targetHints":{"allow":["GET"]}}],"collection":[{"href":"https:\/\/cdje82.fr\/index.php\/wp-json\/wp\/v2\/pages"}],"about":[{"href":"https:\/\/cdje82.fr\/index.php\/wp-json\/wp\/v2\/types\/page"}],"author":[{"embeddable":true,"href":"https:\/\/cdje82.fr\/index.php\/wp-json\/wp\/v2\/users\/4"}],"replies":[{"embeddable":true,"href":"https:\/\/cdje82.fr\/index.php\/wp-json\/wp\/v2\/comments?post=3250"}],"version-history":[{"count":1,"href":"https:\/\/cdje82.fr\/index.php\/wp-json\/wp\/v2\/pages\/3250\/revisions"}],"predecessor-version":[{"id":3251,"href":"https:\/\/cdje82.fr\/index.php\/wp-json\/wp\/v2\/pages\/3250\/revisions\/3251"}],"wp:attachment":[{"href":"https:\/\/cdje82.fr\/index.php\/wp-json\/wp\/v2\/media?parent=3250"}],"curies":[{"name":"wp","href":"https:\/\/api.w.org\/{rel}","templated":true}]}}