{"id":3128,"date":"2009-06-12T22:54:14","date_gmt":"2009-06-12T20:54:14","guid":{"rendered":"http:\/\/cdje82.free.fr\/wp\/?page_id=2"},"modified":"2009-06-12T22:54:14","modified_gmt":"2009-06-12T20:54:14","slug":"a-propos","status":"publish","type":"page","link":"https:\/\/cdje82.fr\/index.php\/a-propos\/","title":{"rendered":"Le comit\u00e9 d\u00e9partemental"},"content":{"rendered":"<p><strong>Qui sommes-nous ?<\/strong><\/p>\n<p>Sorti de son sommeil en 2004, le <span style=\"color: forestgreen;\"><span style=\"font-weight: bold;\">Comit\u00e9 d\u00e9partemental du Jeu d&rsquo;Echecs de Tarn et Garonne<\/span> <\/span>\u00e0 pour but de <span style=\"font-weight: bold;\">soutenir <\/span>et <span style=\"font-weight: bold;\">d\u00e9velopper<\/span> l&rsquo;activit\u00e9 du jeu d&rsquo;\u00e9checs sur son territoire.<\/p>\n<p>Il a pour mission d&rsquo;<span style=\"font-weight: bold;\">aider <\/span>la cr\u00e9ation de nouvelles structures (clubs) et d&rsquo;<span style=\"font-weight: bold;\">organiser<\/span> chaque ann\u00e9e les comp\u00e9titions d\u00e9partementales \u00e0 savoir :<\/p>\n<p><strong>&#8211; Le championnat d\u00e9partemental Jeunes<\/strong><\/p>\n<p><strong> &#8211; Le championnat scolaire<\/strong><\/p>\n<p><strong>&#8211; Le championnat d\u00e9partemental adulte<\/strong><\/p>\n<p>Cependant, notre association, comme plein d&rsquo;autres je suppose, aurait une importance plus remarquable si elle avait plus de b\u00e9n\u00e9voles en son sein pour s&rsquo;en occuper. Il ne faut pas oublier que notre d\u00e9partement est l&rsquo;un des plus petits de France &#8230;<\/p>\n<p><strong>Combien y a t-il de clubs dans le d\u00e9partement ?<\/strong><\/p>\n<p>En 2016, il existe officiellement 3 clubs d&rsquo;\u00e9checs inscrits affili\u00e9s aupr\u00e8s de la <a href=\"http:\/\/www.echecs.asso.fr\/ListeClubs.aspx?Action=CLUBCOMITE&amp;ComiteRef=82\">F\u00e9d\u00e9ration Fran\u00e7aise des Echecs<\/a> (FFE ) dans le d\u00e9partement :<\/p>\n<p><strong>&#8211; L&rsquo;Echiquier club Montalbanais<\/strong><\/p>\n<p><strong>&#8211; Le Club d&rsquo;Echecs Castel-Moissac<\/strong><\/p>\n<p><strong>&#8211; l&rsquo;Echiquier des gorges de l&rsquo;Aveyron<\/strong><\/p>\n<p>Cependant, nous savons aussi que des joueurs se r\u00e9unissent \u00e0 <span style=\"font-weight: bold;\">Valence d&rsquo;Agen<\/span> ou <span style=\"font-weight: bold;\">Grisolles<\/span> pour jouer aux \u00e9checs &#8230; <img decoding=\"async\" title=\"smile\" src=\"..\/..\/inc\/img\/smileys\/smile.gif\" alt=\"smile\" \/><\/p>\n<p>Le r\u00f4le du <span style=\"font-weight: bold;\">CDJE82<\/span> pourrait consister \u00e0 les accompagner afin d&rsquo;opter pour un <span style=\"font-weight: bold;\">statut association<\/span>, et donc reconnu par la FFE et les institutions &#8230; mais pour commencer, il faut trouver des personnes qui ont la volont\u00e9 de s&rsquo;en occuper et de faire vivre la structure ..<img decoding=\"async\" title=\"eek\" src=\"..\/..\/inc\/img\/smileys\/eek.gif\" alt=\"eek\" \/><\/p>\n<p><strong>Nous contacter<\/strong><\/p>\n<p>Voir cette page :<a href=\"http:\/\/www.echecs.asso.fr\/FicheComite.aspx?Ref=82\"> http:\/\/www.echecs.asso.fr\/FicheComite.aspx?Ref=82<\/a><\/p>\n<p><strong>Comment cr\u00e9er un nouveau Club ?<\/strong><\/p>\n<p>l faut, au pr\u00e9alable, trouver les <strong>personnes b\u00e9n\u00e9voles<\/strong> qui sont pr\u00eates \u00e0 <strong>s\u2019investir<\/strong> dans cette activit\u00e9 et \u00e0 s\u2019en occuper pendant une p\u00e9riode plus ou moins longue sous une forme associative afin de constituer petit \u00e0 petit un groupe de meneurs.<\/p>\n<p align=\"justify\">Pour en reprendre la d\u00e9finition, \u00ab\u00a0Une association est un regroupement d\u2019au moins 2 personnes qui d\u00e9cident de mettre en commun des moyens pour poursuivre un but commun sans qu\u2019il y ait d\u2019enrichissement personnel\u00a0\u00bb.<\/p>\n<p align=\"justify\">Il faut se renseigner aupr\u00e8s de la mairie ou de la commune concern\u00e9e pour savoir s\u2019il existe d\u00e9j\u00e0 des structures qui pourront accueillir votre activit\u00e9 (MJC, Cercle culturel, Amicale La\u00efque, Maison de quartier) et \u00e0 des horaires qui sont susceptibles de r\u00e9unir le plus grand nombre d\u2019adeptes &#8230; si tel est le cas, foncez\u00a0!!<\/p>\n<p align=\"justify\">Dans le cas contraire, arrangez vous aupr\u00e8s de la municipalit\u00e9 pour vous trouver un local de jeu, il y a surement une solution qui doit exister\u00a0!! Soyez curieux et imaginatif\u00a0!<\/p>\n<p align=\"justify\"><strong>A &#8211; La cr\u00e9ation de l\u2019association.<\/strong><\/p>\n<p align=\"justify\">Divers sites \u00e0 consulter\u00a0:<\/p>\n<p align=\"justify\">&#8211;\u00a0 <a href=\"http:\/\/www.associanet.com\/docs\/commentcreer.html\">http:\/\/www.associanet.com\/docs\/commentcreer.html<\/a><br \/>\n&#8211; <a href=\"http:\/\/www.midi-pyrenees.jeunesse-sports.gouv.fr\/web\/214-creer-son-association.php\">http:\/\/www.midi-pyrenees.jeunesse-sports.gouv.fr\/web\/214-creer-son-association.php<\/a>)<\/p>\n<p align=\"justify\">Formalit\u00e9s de cr\u00e9ation d\u2019un club\u00a0:<\/p>\n<p align=\"justify\">&#8211; Il faut <strong>r\u00e9diger les statuts<\/strong> (adapt\u00e9s \u00e0 votre cas\u00a0!)<br \/>\n&#8211; Convoquer une assembl\u00e9e G\u00e9n\u00e9rale Constituante<br \/>\n&#8211; D\u00e9poser les statuts et la liste des membres du bureau \u00e0 la pr\u00e9fecture (ou sous-pr\u00e9fecture) dont votre commune d\u00e9pend (il faut au minimun un pr\u00e9sident et un tr\u00e9sorier\u00a0!), vous recevrez un r\u00e9c\u00e9piss\u00e9 de d\u00e9claration sous 5 jours.<br \/>\n&#8211; Faire une demande de parution de l\u2019avis de Constitution au Journal Officiel (payant), la capacit\u00e9 juridique s\u2019obtient \u00e0 ce moment l\u00e0\u00a0!<\/p>\n<p align=\"justify\">Ensuite, tous les changements op\u00e9r\u00e9s durant la vie de l\u2019association en mati\u00e8re statutaires et de renouvellements d\u2019administrateurs doivent imp\u00e9rativement \u00eatre signal\u00e9s dans le d\u00e9lai de trois mois, \u00e0 la Pr\u00e9fecture ou sous Pr\u00e9fecture du si\u00e8ge de l\u2019association.<\/p>\n<p align=\"justify\">Une assembl\u00e9e g\u00e9n\u00e9rale ordinaire doit se tenir chaque ann\u00e9e afin de dresser un bilan financier et sportif de la saison pass\u00e9e et de proc\u00e9der \u00e0 l\u2019\u00e9lection des membres du nouveau bureau.<\/p>\n<p align=\"justify\"><strong>B &#8211; La reconnaissance aupr\u00e8s des institutions.<\/strong><\/p>\n<p align=\"justify\">Vous devez informer de la cr\u00e9ation du club votre comit\u00e9 d\u00e9partemental (lui faire parvenir les statuts et la liste des membres du bureau) qui, \u00e0 son tour, s\u2019occupera d\u2019en avertir la ligue. Pour \u00eatre reconnu club d\u2019\u00e9checs aupr\u00e8s de la F\u00e9d\u00e9ration Fran\u00e7aise des Echecs, vous devez d\u00e9clarer au moins 5 licenci\u00e9s A.<\/p>\n<p>Les cotisations des adh\u00e9rents sont compos\u00e9es\u00a0:<\/p>\n<p align=\"justify\">&#8211; d\u2019une part F\u00e9d\u00e9ration (la m\u00eame pour tout le monde )<br \/>\n&#8211; d\u2019une part Ligue d\u00e9cid\u00e9e r\u00e9gionalement (mais qui ne peut d\u00e9passer la part f\u00e9d\u00e9rale).<\/p>\n<p align=\"justify\">&#8211;\u00a0 d\u2019une part club (Variable selon les clubs)<\/p>\n<p align=\"justify\">En plus du prix des licences, chaque club doit payer chaque ann\u00e9e une part Club aupr\u00e8s de la FFE dont vous \u00eatre dispens\u00e9 la premi\u00e8re ann\u00e9e. Pour toute info, voir le <a href=\"http:\/\/www.echecs.asso.fr\/\">site de la FFE<\/a> . Rubrique Licences.<\/p>\n<p align=\"justify\">Nous ne pouvons que vous inciter \u00e0 licencier tous les membres de votre association (une licence B adulte c\u2019est 6 \u20ac) car l\u2019assurance qui est li\u00e9e couvre les licenci\u00e9s.<\/p>\n<p align=\"justify\"><strong>C- Les aides.<\/strong><\/p>\n<p align=\"justify\">*La FFE<\/p>\n<p align=\"justify\">Cr\u00e9ation du Fonds d\u2019aide aux projets. L\u2019id\u00e9e est d\u2019aider les clubs modestes \u00e0 financer des actions en direction du grand public. Pour information, une somme de 10 000 \u20ac a \u00e9t\u00e9 provisionn\u00e9e au budget pour la saison 2005-2006. Les projets seront en priorit\u00e9 dirig\u00e9s vers les actions en direction des f\u00e9minines, des joueurs handicap\u00e9s, des quartiers sensibles, des zones \u00e0 faible densit\u00e9 et vers les scolaires.<\/p>\n<p align=\"justify\">* La LMPE<\/p>\n<p align=\"justify\"><a href=\"http:\/\/lmpe.org\/\">La ligue Midi-Pyr\u00e9n\u00e9es des \u00e9checs<\/a> budgette chaque ann\u00e9e une somme pour l\u2019aide \u00e0 la cr\u00e9ation de nouveaux clubs et elle peut pr\u00eater du mat\u00e9riel. De plus, selon vos besoins, elle peut mettre \u00e0 votre disposition des brochures simplifi\u00e9es de r\u00e8gles du jeu \u00e0 destination des scolaires.<\/p>\n<p align=\"justify\">* Votre commune<\/p>\n<p align=\"justify\">Toute commune aide ses associations. S\u2019il existe un office des sports contactez-le pour l\u2019informer que les Echecs c\u2019est un sport. C\u2019est un partenaire privil\u00e9gi\u00e9 qui vous aidera si vous organisez des manifestations (tournois, opens &#8230;)<\/p>\n<p align=\"justify\">* Le Comit\u00e9 D\u00e9partemental<\/p>\n<p align=\"justify\">Il organise les comp\u00e9titions \u00e0 l\u2019\u00e9chelle d\u00e9partementale. Il b\u00e9n\u00e9ficie de financement de la ligue pour soutenir le d\u00e9veloppement des \u00e9checs dans son territoire.<\/p>\n<p align=\"justify\">* Le CNDS (Ex-FNDS)<\/p>\n<p><a href=\"http:\/\/www.midi-pyrenees.jeunesse-sports.gouv.fr\/web\/464-le-centre-national-pour-le-developpement-du-sport.php\">Le Centre National de D\u00e9veloppement du Sport<\/a> est une structure qui contribue au financement de projets visant au d\u00e9veloppement du sport. La subvention du CNDS peut \u00eatre obtenu par toute association sportive agr\u00e9\u00e9e sport. Cet agr\u00e9ment peut \u00eatre demand\u00e9 apr\u00e8s un an d\u2019existence aupr\u00e8s de la Direction D\u00e9partementale de la Jeunesse et des Sports. Il faudra aussi demander absolument un <strong>num\u00e9ro SIREN<\/strong> aup\u00e8s de l\u2019INSEE de votre r\u00e9gion.<\/p>\n<p align=\"justify\">*l\u2019aide au petit mat\u00e9riel du Conseil R\u00e9gional\u00a0:<\/p>\n<p align=\"justify\">Pour y avoir droit il faut avoir un an d\u2019existence. Ensuite dans le cadre de cette aide le Conseil R\u00e9gional peut rembourser pendules, jeux&#8230; sur la base de factures. Une aide vraiment appr\u00e9ciable pour d\u00e9marrer une activit\u00e9.<\/p>\n<p align=\"justify\">* Les r\u00e9ductions fiscales<\/p>\n<p align=\"justify\">Vous pouvez b\u00e9n\u00e9ficier de r\u00e9ductions d\u2019imp\u00f4ts si vous renoncez \u00e0 certains frais au profit de l\u2019association.<\/p>\n<p align=\"justify\">A vous de jouer maintenant\u00a0!<\/p>\n<p align=\"justify\">En esp\u00e9rant que cet article incitera de nouveaux amateurs \u00e0 rejoindre la cause de notre noble jeu\u00a0!<\/p>\n<p>Retrouvez cet article sur le site de la ligue : <a href=\"http:\/\/www.lmpe.org\/article.php3?id_article=798\">http:\/\/www.lmpe.org\/article.php3?id_article=798<\/a><\/p>\n","protected":false},"excerpt":{"rendered":"<p>Qui sommes-nous ? Sorti de son sommeil en 2004, le Comit\u00e9 d\u00e9partemental du Jeu d&rsquo;Echecs de Tarn et Garonne \u00e0 pour but de soutenir et d\u00e9velopper l&rsquo;activit\u00e9 du jeu d&rsquo;\u00e9checs sur son territoire. Il a pour mission d&rsquo;aider la cr\u00e9ation de nouvelles structures (clubs) et d&rsquo;organiser chaque ann\u00e9e les comp\u00e9titions d\u00e9partementales \u00e0 savoir : &#8211; [&hellip;]<\/p>\n","protected":false},"author":3,"featured_media":0,"parent":0,"menu_order":0,"comment_status":"closed","ping_status":"open","template":"","meta":{"footnotes":""},"class_list":["post-3128","page","type-page","status-publish","hentry"],"_links":{"self":[{"href":"https:\/\/cdje82.fr\/index.php\/wp-json\/wp\/v2\/pages\/3128","targetHints":{"allow":["GET"]}}],"collection":[{"href":"https:\/\/cdje82.fr\/index.php\/wp-json\/wp\/v2\/pages"}],"about":[{"href":"https:\/\/cdje82.fr\/index.php\/wp-json\/wp\/v2\/types\/page"}],"author":[{"embeddable":true,"href":"https:\/\/cdje82.fr\/index.php\/wp-json\/wp\/v2\/users\/3"}],"replies":[{"embeddable":true,"href":"https:\/\/cdje82.fr\/index.php\/wp-json\/wp\/v2\/comments?post=3128"}],"version-history":[{"count":0,"href":"https:\/\/cdje82.fr\/index.php\/wp-json\/wp\/v2\/pages\/3128\/revisions"}],"wp:attachment":[{"href":"https:\/\/cdje82.fr\/index.php\/wp-json\/wp\/v2\/media?parent=3128"}],"curies":[{"name":"wp","href":"https:\/\/api.w.org\/{rel}","templated":true}]}}