{"id":2713,"date":"2018-03-09T13:53:43","date_gmt":"2018-03-09T11:53:43","guid":{"rendered":"http:\/\/cdje82.free.fr\/?page_id=2713"},"modified":"2018-03-09T13:53:43","modified_gmt":"2018-03-09T11:53:43","slug":"9eme-trophee-des-petits-pions","status":"publish","type":"page","link":"https:\/\/cdje82.fr\/index.php\/palmares-du-trophee-des-petits-pions\/9eme-trophee-des-petits-pions\/","title":{"rendered":"9\u00e8me troph\u00e9e des petits pions"},"content":{"rendered":"<h5><span style=\"color: #000080;\">Pour la 9\u00e8me ann\u00e9e, le Comit\u00e9 d\u00e9partemental d\u2019\u00e9checs du Tarn et Garonne et le Club d\u2019\u00e9checs Castel-Moissac organisent un tournoi pour les jeunes \u00e0 Castelsarrasin. Il s\u2019adresse aux jeunes joueurs de moins de 16 ans qui ont un classement qui ne d\u00e9passe pas 1500 points \u00e9lo (en parties rapides). La participation est gratuite pour ceux qui ont une licence de la F\u00e9d\u00e9ration fran\u00e7aise d\u2019\u00e9checs. Pour les autres, le montant de la participation est de 3 euros, ce qui leur permettra d\u2019\u00eatre licenci\u00e9s le jour du tournoi.<\/span><br \/>\n<span style=\"color: #000080;\"> Le troph\u00e9e est dot\u00e9 de nombreux prix r\u00e9partis dans les diff\u00e9rentes cat\u00e9gories : coupes, pendule, livres d\u2019\u00e9checs, jeux d\u2019\u00e9checs.<\/span><br \/>\n<span style=\"color: #000080;\"> Le tournoi aura lieu \u00e0 la salle des f\u00eates de Gandalou (\u00e0 4 km de Castelsarrasin), le samedi 7 avril toute l\u2019apr\u00e8s-midi, la veille de l\u2019open de Castelsarrasin. Le pointage commencera \u00e0 13 h 30; la premi\u00e8re ronde d\u00e9butera \u00e0 14 h 15. Il est n\u00e9cessaire de s\u2019inscrire avant la date du tournoi. Le plus simple est d\u2019envoyer un mail \u00e0 cdje82@free.fr et d\u2019y pr\u00e9ciser son nom, son pr\u00e9nom et sa date de naissance. Pour les licenci\u00e9s, pr\u00e9ciser le N\u00b0 FFE et le club.<\/span><\/h5>\n<h4 style=\"text-align: center;\"><a href=\"https:\/\/cdje82.fr\/wp-content\/uploads\/2018\/03\/Affiche-2018.jpg\"><img loading=\"lazy\" decoding=\"async\" class=\"size-medium wp-image-2710 aligncenter\" src=\"https:\/\/cdje82.fr\/wp-content\/uploads\/2018\/03\/Affiche-2018-212x300.jpg\" alt=\"\" width=\"212\" height=\"300\" srcset=\"https:\/\/cdje82.fr\/wp-content\/uploads\/2018\/03\/Affiche-2018-212x300.jpg 212w, https:\/\/cdje82.fr\/wp-content\/uploads\/2018\/03\/Affiche-2018-724x1024.jpg 724w, https:\/\/cdje82.fr\/wp-content\/uploads\/2018\/03\/Affiche-2018-768x1086.jpg 768w, https:\/\/cdje82.fr\/wp-content\/uploads\/2018\/03\/Affiche-2018-1086x1536.jpg 1086w, https:\/\/cdje82.fr\/wp-content\/uploads\/2018\/03\/Affiche-2018.jpg 1240w\" sizes=\"auto, (max-width: 212px) 100vw, 212px\" \/><\/a><\/h4>\n<h4 style=\"text-align: center;\"><a href=\"https:\/\/cdje82.fr\/wp-content\/uploads\/2018\/03\/reglemen_PP_2018.pdf\">Lire le r\u00e8glement du tournoi<\/a><\/h4>\n<p>&nbsp;<\/p>\n<h4 style=\"text-align: center;\"><a href=\"https:\/\/cdje82.free.fr\/?page_id=2787\"><span style=\"color: #0000ff;\">LISTE DES INSCRITS<\/span><\/a><\/h4>\n<p>&nbsp;<\/p>\n<h3 style=\"text-align: center;\"><span style=\"color: #800000;\">Palmar\u00e8s du Troph\u00e9e des petits pions<\/span><\/h3>\n\n<table id=\"tablepress-2\" class=\"tablepress tablepress-id-2\">\n<thead>\n<tr class=\"row-1\">\n\t<th class=\"column-1\">Ann\u00e9e<\/th><th class=\"column-2\">Champion<\/th><th class=\"column-3\">Club<\/th><td class=\"column-4\"><\/td>\n<\/tr>\n<\/thead>\n<tbody class=\"row-striping row-hover\">\n<tr class=\"row-2\">\n\t<td class=\"column-1\">2002<\/td><td class=\"column-2\">Daniel Cebollero<\/td><td class=\"column-3\">Cercle d'Echecs Castel-Moissac<\/td><td class=\"column-4\"><\/td>\n<\/tr>\n<tr class=\"row-3\">\n\t<td class=\"column-1\">2003<\/td><td class=\"column-2\">Pierre Foresti\u00e9<\/td><td class=\"column-3\">Cercle d'Echecs Castel-Moissac<\/td><td class=\"column-4\"><img loading=\"lazy\" decoding=\"async\" src=\"https:\/\/cdje82.fr\/wp-content\/uploads\/2017\/07\/Forestie.jpg\" alt=\"\" width=\"100\" height=\"120\" class=\"alignnone size-full wp-image-2468\" \/><\/td>\n<\/tr>\n<tr class=\"row-4\">\n\t<td class=\"column-1\">2004<\/td><td class=\"column-2\">Daniel Gr\u00e9gory<\/td><td class=\"column-3\">Cercle d'Echecs Castel-Moissac<\/td><td class=\"column-4\"><\/td>\n<\/tr>\n<tr class=\"row-5\">\n\t<td class=\"column-1\">2005<\/td><td class=\"column-2\">Romain Lacroix<\/td><td class=\"column-3\">Cercle d'Echecs Castel-Moissac<\/td><td class=\"column-4\"><img loading=\"lazy\" decoding=\"async\" src=\"https:\/\/cdje82.fr\/wp-content\/uploads\/2016\/12\/RLacroix.jpg\" alt=\"\" width=\"100\" height=\"116\" class=\"alignnone size-full wp-image-2059\" \/><\/td>\n<\/tr>\n<tr class=\"row-6\">\n\t<td class=\"column-1\">2006<\/td><td class=\"column-2\">Romain Lacroix<\/td><td class=\"column-3\">Cercle d'Echecs Castel-Moissac<\/td><td class=\"column-4\"><img loading=\"lazy\" decoding=\"async\" src=\"https:\/\/cdje82.fr\/wp-content\/uploads\/2016\/12\/RLacroix.jpg\" alt=\"\" width=\"100\" height=\"116\" class=\"alignnone size-full wp-image-2059\" \/><\/td>\n<\/tr>\n<tr class=\"row-7\">\n\t<td class=\"column-1\">2007<\/td><td class=\"column-2\">Romain Lacroix<\/td><td class=\"column-3\">Cercle d'Echecs Castel-Moissac<\/td><td class=\"column-4\"><img loading=\"lazy\" decoding=\"async\" src=\"https:\/\/cdje82.fr\/wp-content\/uploads\/2016\/12\/RLacroix.jpg\" alt=\"\" width=\"100\" height=\"116\" class=\"alignnone size-full wp-image-2059\" \/><\/td>\n<\/tr>\n<tr class=\"row-8\">\n\t<td class=\"column-1\">2008<\/td><td class=\"column-2\">Michel Gr\u00e9zels<\/td><td class=\"column-3\">Cercle d'Echecs Castel-Moissac<\/td><td class=\"column-4\"><img loading=\"lazy\" decoding=\"async\" src=\"https:\/\/cdje82.fr\/wp-content\/uploads\/2016\/12\/MG.jpg\" alt=\"\" width=\"100\" height=\"110\" class=\"alignnone size-full wp-image-2073\" \/><\/td>\n<\/tr>\n<tr class=\"row-9\">\n\t<td class=\"column-1\">2009<\/td><td class=\"column-2\">Romain Lacroix<\/td><td class=\"column-3\">Cercle d'Echecs Castel-Moissac<\/td><td class=\"column-4\"><img loading=\"lazy\" decoding=\"async\" src=\"https:\/\/cdje82.fr\/wp-content\/uploads\/2016\/12\/RLacroix.jpg\" alt=\"\" width=\"100\" height=\"116\" class=\"alignnone size-full wp-image-2059\" \/><\/td>\n<\/tr>\n<tr class=\"row-10\">\n\t<td class=\"column-1\">2010<\/td><td class=\"column-2\">Serguei Bashaev<\/td><td class=\"column-3\">Echiquier montalbanais<\/td><td class=\"column-4\"><img loading=\"lazy\" decoding=\"async\" src=\"https:\/\/cdje82.fr\/wp-content\/uploads\/2016\/12\/Bashaev.jpg\" alt=\"\" width=\"100\" height=\"127\" class=\"alignnone size-full wp-image-2054\" \/><\/td>\n<\/tr>\n<tr class=\"row-11\">\n\t<td class=\"column-1\">2011<\/td><td class=\"column-2\">Olivier Roques<\/td><td class=\"column-3\">Cercle d'Echecs Castel-Moissac<\/td><td class=\"column-4\"><img loading=\"lazy\" decoding=\"async\" src=\"https:\/\/cdje82.fr\/wp-content\/uploads\/2016\/12\/ORoques.jpg\" alt=\"\" width=\"100\" height=\"129\" class=\"alignnone size-full wp-image-2062\" \/><\/td>\n<\/tr>\n<tr class=\"row-12\">\n\t<td class=\"column-1\">2012<\/td><td class=\"column-2\">Eric Ramahef<\/td><td class=\"column-3\">Cercle d' Echecs Castel-Moissac<\/td><td class=\"column-4\"><\/td>\n<\/tr>\n<tr class=\"row-13\">\n\t<td class=\"column-1\">2013<\/td><td class=\"column-2\">Eric Ramahef<\/td><td class=\"column-3\">Cercle d'Echecs Castel-Moissac<\/td><td class=\"column-4\"><\/td>\n<\/tr>\n<tr class=\"row-14\">\n\t<td class=\"column-1\">2014<\/td><td class=\"column-2\">Eric Ramahef<\/td><td class=\"column-3\">Cercle d'Echecs Castel-Moissac<\/td><td class=\"column-4\"><\/td>\n<\/tr>\n<tr class=\"row-15\">\n\t<td class=\"column-1\">2015<\/td><td class=\"column-2\">Jean Jacques Sango\u00ef<\/td><td class=\"column-3\">Club d'Echecs Castel-Moissac<\/td><td class=\"column-4\"><img loading=\"lazy\" decoding=\"async\" src=\"https:\/\/cdje82.fr\/wp-content\/uploads\/2016\/12\/JJSANGOI.jpg\" alt=\"\" width=\"100\" height=\"120\" class=\"alignnone size-full wp-image-2049\" \/><\/td>\n<\/tr>\n<tr class=\"row-16\">\n\t<td class=\"column-1\">2016<\/td><td class=\"column-2\">Sergue\u00ef Bashaev<\/td><td class=\"column-3\">Echiquier montalbanais<\/td><td class=\"column-4\"><img loading=\"lazy\" decoding=\"async\" src=\"https:\/\/cdje82.fr\/wp-content\/uploads\/2016\/12\/Bashaev.jpg\" alt=\"\" width=\"100\" height=\"127\" class=\"alignnone size-full wp-image-2054\" \/><\/td>\n<\/tr>\n<tr class=\"row-17\">\n\t<td class=\"column-1\">2017<\/td><td class=\"column-2\">Georgi Gogoladze<\/td><td class=\"column-3\">Echiquier montalbanais<\/td><td class=\"column-4\"><img loading=\"lazy\" decoding=\"async\" src=\"https:\/\/cdje82.fr\/wp-content\/uploads\/2019\/02\/Giorgi-2.jpg\" alt=\"\" width=\"100\" height=\"120\" class=\"alignnone size-full wp-image-3041\" \/><\/td>\n<\/tr>\n<tr class=\"row-18\">\n\t<td class=\"column-1\">2018<\/td><td class=\"column-2\">Bruno Natale<\/td><td class=\"column-3\">Echiquier montalbanais<\/td><td class=\"column-4\"><img loading=\"lazy\" decoding=\"async\" src=\"https:\/\/cdje82.fr\/wp-content\/uploads\/2018\/03\/B_Natale.jpg\" alt=\"\" width=\"100\" height=\"120\" class=\"alignnone size-full wp-image-2693\" \/><\/td>\n<\/tr>\n<tr class=\"row-19\">\n\t<td class=\"column-1\">2019<\/td><td class=\"column-2\">Georgi Gogoladze<\/td><td class=\"column-3\">Echiquier montalbanais<\/td><td class=\"column-4\"><img loading=\"lazy\" decoding=\"async\" src=\"https:\/\/cdje82.fr\/wp-content\/uploads\/2019\/02\/Giorgi-2.jpg\" alt=\"\" width=\"100\" height=\"120\" class=\"alignnone size-full wp-image-3041\" \/><\/td>\n<\/tr>\n<tr class=\"row-20\">\n\t<td class=\"column-1\">2020 <\/td><td class=\"column-2\">Mathis Serrier<\/td><td class=\"column-3\">Echiquier montalbanais<\/td><td class=\"column-4\"><img loading=\"lazy\" decoding=\"async\" src=\"https:\/\/cdje82.fr\/wp-content\/uploads\/2024\/02\/serrier.jpg\" alt=\"\" width=\"100\" height=\"120\" class=\"alignnone size-full wp-image-3315\" \/><\/td>\n<\/tr>\n<tr class=\"row-21\">\n\t<td class=\"column-1\">2022<\/td><td class=\"column-2\">Fr\u00e9d\u00e9ric Mazu\u00e9<\/td><td class=\"column-3\">Echiquier montalbanais<\/td><td class=\"column-4\"><img loading=\"lazy\" decoding=\"async\" src=\"https:\/\/cdje82.fr\/wp-content\/uploads\/2024\/02\/F_Mazue.jpg\" alt=\"\" width=\"85\" height=\"107\" class=\"alignnone size-full wp-image-3321\" \/><\/td>\n<\/tr>\n<tr class=\"row-22\">\n\t<td class=\"column-1\">2023<\/td><td class=\"column-2\">F\u00e9licien Martinez<\/td><td class=\"column-3\">Echiquier montalbanais<\/td><td class=\"column-4\"><img loading=\"lazy\" decoding=\"async\" src=\"https:\/\/cdje82.fr\/wp-content\/uploads\/2024\/02\/Martinez.jpg\" alt=\"\" width=\"100\" height=\"120\" class=\"alignnone size-full wp-image-3323\" \/><\/td>\n<\/tr>\n<tr class=\"row-23\">\n\t<td class=\"column-1\">2024<\/td><td class=\"column-2\">Yann Gelfert<\/td><td class=\"column-3\">Echiquier montalbanais<\/td><td class=\"column-4\"><img loading=\"lazy\" decoding=\"async\" src=\"https:\/\/cdje82.fr\/wp-content\/uploads\/2024\/03\/Gelfert.jpg\" alt=\"\" width=\"100\" height=\"120\" class=\"alignnone size-full wp-image-3383\" \/><\/td>\n<\/tr>\n<tr class=\"row-24\">\n\t<td class=\"column-1\">2025<\/td><td class=\"column-2\">F\u00e9licien Martinez<\/td><td class=\"column-3\">Echiquier montalbanais<\/td><td class=\"column-4\"><img loading=\"lazy\" decoding=\"async\" src=\"https:\/\/cdje82.fr\/wp-content\/uploads\/2025\/02\/F-Martinez.jpg\" alt=\"\" width=\"100\" height=\"120\" class=\"alignnone size-full wp-image-3691\" \/><\/td>\n<\/tr>\n<tr class=\"row-25\">\n\t<td class=\"column-1\">2026<\/td><td class=\"column-2\">Pierre Verdon<\/td><td class=\"column-3\">Echiquier montalbanais<\/td><td class=\"column-4\"><a href=\"https:\/\/cdje82.fr\/wp-content\/uploads\/2026\/02\/Verdon.jpg\"><img loading=\"lazy\" decoding=\"async\" src=\"https:\/\/cdje82.fr\/wp-content\/uploads\/2026\/02\/Verdon.jpg\" alt=\"\" width=\"99\" height=\"120\" class=\"alignnone size-full wp-image-4130\" \/><\/a><\/td>\n<\/tr>\n<\/tbody>\n<\/table>\n<!-- #tablepress-2 from cache -->\n","protected":false},"excerpt":{"rendered":"<p>Pour la 9\u00e8me ann\u00e9e, le Comit\u00e9 d\u00e9partemental d\u2019\u00e9checs du Tarn et Garonne et le Club d\u2019\u00e9checs Castel-Moissac organisent un tournoi pour les jeunes \u00e0 Castelsarrasin. Il s\u2019adresse aux jeunes joueurs de moins de 16 ans qui ont un classement qui ne d\u00e9passe pas 1500 points \u00e9lo (en parties rapides). La participation est gratuite pour ceux [&hellip;]<\/p>\n","protected":false},"author":2,"featured_media":0,"parent":2725,"menu_order":1,"comment_status":"closed","ping_status":"closed","template":"","meta":{"footnotes":""},"class_list":["post-2713","page","type-page","status-publish","hentry"],"_links":{"self":[{"href":"https:\/\/cdje82.fr\/index.php\/wp-json\/wp\/v2\/pages\/2713","targetHints":{"allow":["GET"]}}],"collection":[{"href":"https:\/\/cdje82.fr\/index.php\/wp-json\/wp\/v2\/pages"}],"about":[{"href":"https:\/\/cdje82.fr\/index.php\/wp-json\/wp\/v2\/types\/page"}],"author":[{"embeddable":true,"href":"https:\/\/cdje82.fr\/index.php\/wp-json\/wp\/v2\/users\/2"}],"replies":[{"embeddable":true,"href":"https:\/\/cdje82.fr\/index.php\/wp-json\/wp\/v2\/comments?post=2713"}],"version-history":[{"count":0,"href":"https:\/\/cdje82.fr\/index.php\/wp-json\/wp\/v2\/pages\/2713\/revisions"}],"up":[{"embeddable":true,"href":"https:\/\/cdje82.fr\/index.php\/wp-json\/wp\/v2\/pages\/2725"}],"wp:attachment":[{"href":"https:\/\/cdje82.fr\/index.php\/wp-json\/wp\/v2\/media?parent=2713"}],"curies":[{"name":"wp","href":"https:\/\/api.w.org\/{rel}","templated":true}]}}